{"id":3,"date":"2018-08-29T20:33:44","date_gmt":"2018-08-29T17:33:44","guid":{"rendered":"http:\/\/edustusajot.fi\/?page_id=3"},"modified":"2018-09-04T14:49:28","modified_gmt":"2018-09-04T11:49:28","slug":"tietosuojaseloste","status":"publish","type":"page","link":"https:\/\/edustusajot.fi\/?page_id=3","title":{"rendered":"Tietosuojaseloste"},"content":{"rendered":"<div id=\"navi\">\n<p>GDPR <strong>(General Data Protection Regulation<\/strong><strong>) <\/strong>on EU:n uusi tietosuoja asetus, joka on tullut voimaan 25.5.2018. Sen<br \/>\njohdosta Kuljetusliike Kai Laiso &amp; Co on t\u00e4sment\u00e4nyt henkil\u00f6kohtaisten tietojen k\u00e4sittelyn periaatteita.<\/p>\n<p><strong>Rekisterinpit\u00e4j\u00e4<\/strong><br \/>\nKuljetusliike Kai Laiso &amp; Co, Nukenkaulus 2 B 29, 01200 VANTAA, yritystunnus 0624295-9, on Edustusajot K.Laiso:n ker\u00e4\u00e4mien ja k\u00e4sittelemien henkil\u00f6kohtaisten tietojen rekisterinpit\u00e4j\u00e4.<br \/>\nPuhelin: 050 3000 0081<br \/>\nS\u00e4hk\u00f6posti: <u><a href=\"mailto:info@edustusajot.fi\">info@edustusajot.fi<\/a><\/u><\/p>\n<p><strong>Mihin tietoja k\u00e4ytet\u00e4\u00e4n?<\/strong><br \/>\nKer\u00e4ttyj\u00e4 tietoja k\u00e4ytet\u00e4\u00e4n Kuljetusliike Kai Laiso &amp; Co:n ja asiakkaan v\u00e4lill\u00e4 sovitun henkil\u00f6kuljetuspalvelun t\u00e4ytt\u00e4miseksi.<br \/>\nKuljetusliike Kai Laiso &amp; Co tallentaa asiakasrekisteriin nimen, puhelinnumeron, s\u00e4hk\u00f6postiosoitteet sek\u00e4 laskutusosoitteet. Asiakasrekisteriin tallennetaan yritystunnus, mutta ei koskaan henkil\u00f6tunnusta (mik\u00e4li asiakas ei ole yksityinen elinkeinonharjoittaja).<br \/>\nAsiakasrekisteri sis\u00e4lt\u00e4\u00e4 seuraavat tiedot:<\/p>\n<ul type=\"disc\">\n<li>yrityksen nimi<\/li>\n<li>y-tunnus<\/li>\n<li>yhteyshenkil\u00f6n nimi<\/li>\n<li>yrityksen osoite<\/li>\n<li>yhteyshenkil\u00f6n s\u00e4hk\u00f6posti<\/li>\n<li>yrityksen \/ yhteyshenkil\u00f6n puhelinnumero<\/li>\n<li>tiedot tilauksista<\/li>\n<\/ul>\n<p><strong>Kolmannelle osapuolelle jaettavat tiedot<\/strong><br \/>\nKuljetusliike Kai Laiso &amp; Co k\u00e4ytt\u00e4\u00e4 kolmansia osapuolia palveluissa, jotka koskevat liiketoimintaj\u00e4rjestelm\u00e4\u00e4, s\u00e4hk\u00f6postia ja pilveen teht\u00e4vi\u00e4 varmuuskopiointeja. Kuljetusliike Kai Laiso &amp; Co voi k\u00e4ytt\u00e4\u00e4 alihankkijoita kuljetusten toteuttamiseen. Alihankkijat ja palveluntarjoajat voivat k\u00e4ytt\u00e4\u00e4 henkil\u00f6tietojasi vain tarkoituksiin, jotka on m\u00e4\u00e4ritelty t\u00e4ss\u00e4 tietosuojaselosteessa.<br \/>\nEnnen tietojen luovuttamista kolmannelle osapuolelle Kuljetusliike Kai Laiso &amp; Co varmistaa kirjallisesti, ett\u00e4 osapuoli noudattaa lakeja, kuten t\u00e4ss\u00e4 tapauksessa GDPR:\u00e4\u00e4.<\/p>\n<p><strong>Tallentaminen ja s\u00e4ilytysaika<\/strong><br \/>\nKuljetusliike Kai Laiso &amp; Co s\u00e4ilytt\u00e4\u00e4 tietojasi niin kauan kuin se on tarpeen niiden tarkoitusten t\u00e4ytt\u00e4miseksi, joita varten tiedot alun perin ker\u00e4ttiin. Tietoja voidaan my\u00f6s s\u00e4ilytt\u00e4\u00e4 sovellettavan lain vaatiman ajan. Kuljetusliike Kai Laiso &amp; Co k\u00e4ytt\u00e4\u00e4 juoksevia rutiineja sen varmistamiseksi, ettei tarpeettomia tietoja tallenneta, ja ett\u00e4 s\u00e4ilytysaika on mahdollisimman lyhyt. Pidemm\u00e4n ajan passiivisina olleet tiedot poistetaan. Ajotilausten laskutus tallennetaan liiketoimintaj\u00e4rjestelm\u00e4\u00e4mme kirjanpitoa koskevien laillisten velvoitteiden perusteella.<\/p>\n<p><strong>Suostumuksen perusteella ker\u00e4tt\u00e4v\u00e4t tiedot<\/strong><br \/>\nKun tietoja ker\u00e4t\u00e4\u00e4n muihin kuin t\u00e4ss\u00e4 tietosuojalausekkeessa jo mainittuihin tarkoituksiin tai muuta lakia ei sovelleta niihin, kuten esim. asiakastutkimuksia varten, Kuljetusliike Kai Laiso &amp; Co ilmoittaa siit\u00e4 ja tarjoaa sinulle mahdollisuuden antaa suostumuksesi. Voit koska tahansa peruuttaa suostumuksesi, jolloin tiedot poistetaan v\u00e4litt\u00f6m\u00e4sti.<\/p>\n<p><strong>Henkil\u00f6kohtaisten tietojesi turvallisuus<\/strong><br \/>\nKuljetusliike Kai Laiso &amp; Co:ss\u00e4 k\u00e4sitell\u00e4\u00e4n vain tarpeellisia tietoja, ja niit\u00e4 k\u00e4sittelev\u00e4t vain henkil\u00f6t, jotka tarvitsevat n\u00e4it\u00e4 tietoja parhaan palvelun tarjoamiseksi sek\u00e4 sopimuksen ja meihin toimittajana asetettujen odotusten t\u00e4ytt\u00e4miseksi. Mik\u00e4li on syyt\u00e4 ep\u00e4ill\u00e4 rikosta tai tietomurtoa, otamme v\u00e4litt\u00f6m\u00e4sti yhteytt\u00e4 tietosuojan tarkastuslaitokseen, joka on lakis\u00e4\u00e4teisten toimenpiteiden toteuttamista valvova viranomainen.<\/p>\n<h1><\/h1>\n<p>&nbsp;<\/p>\n<\/div>\n<div id=\"content\">\n<p>&nbsp;<\/p>\n<\/div>\n","protected":false},"excerpt":{"rendered":"<p>GDPR (General Data Protection Regulation) on EU:n uusi tietosuoja asetus, joka on tullut voimaan 25.5.2018. Sen johdosta Kuljetusliike Kai Laiso &amp; Co on t\u00e4sment\u00e4nyt henkil\u00f6kohtaisten tietojen k\u00e4sittelyn periaatteita. Rekisterinpit\u00e4j\u00e4 Kuljetusliike Kai Laiso &amp; Co, Nukenkaulus 2 B 29, 01200 VANTAA, yritystunnus 0624295-9, on Edustusajot K.Laiso:n ker\u00e4\u00e4mien ja k\u00e4sittelemien henkil\u00f6kohtaisten tietojen rekisterinpit\u00e4j\u00e4. Puhelin: 050 3000 0081 &hellip; <\/p>\n<p class=\"link-more\"><a href=\"https:\/\/edustusajot.fi\/?page_id=3\" class=\"more-link\">Jatka lukemista<span class=\"screen-reader-text\"> &#8221;Tietosuojaseloste&#8221;<\/span><\/a><\/p>\n","protected":false},"author":1,"featured_media":0,"parent":0,"menu_order":3,"comment_status":"closed","ping_status":"closed","template":"","meta":{"footnotes":""},"class_list":["post-3","page","type-page","status-publish","hentry"],"_links":{"self":[{"href":"https:\/\/edustusajot.fi\/index.php?rest_route=\/wp\/v2\/pages\/3","targetHints":{"allow":["GET"]}}],"collection":[{"href":"https:\/\/edustusajot.fi\/index.php?rest_route=\/wp\/v2\/pages"}],"about":[{"href":"https:\/\/edustusajot.fi\/index.php?rest_route=\/wp\/v2\/types\/page"}],"author":[{"embeddable":true,"href":"https:\/\/edustusajot.fi\/index.php?rest_route=\/wp\/v2\/users\/1"}],"replies":[{"embeddable":true,"href":"https:\/\/edustusajot.fi\/index.php?rest_route=%2Fwp%2Fv2%2Fcomments&post=3"}],"version-history":[{"count":1,"href":"https:\/\/edustusajot.fi\/index.php?rest_route=\/wp\/v2\/pages\/3\/revisions"}],"predecessor-version":[{"id":23,"href":"https:\/\/edustusajot.fi\/index.php?rest_route=\/wp\/v2\/pages\/3\/revisions\/23"}],"wp:attachment":[{"href":"https:\/\/edustusajot.fi\/index.php?rest_route=%2Fwp%2Fv2%2Fmedia&parent=3"}],"curies":[{"name":"wp","href":"https:\/\/api.w.org\/{rel}","templated":true}]}}